{"id":7,"date":"2020-04-29T07:59:13","date_gmt":"2020-04-29T07:59:13","guid":{"rendered":"https:\/\/northrand.org.za\/?page_id=7"},"modified":"2026-04-16T10:01:29","modified_gmt":"2026-04-16T10:01:29","slug":"home","status":"publish","type":"page","link":"https:\/\/northrand.org.za\/de\/","title":{"rendered":"\u00dcbersicht"},"content":{"rendered":"<div class=\"fusion-fullwidth fullwidth-box fusion-builder-row-1 nonhundred-percent-fullwidth non-hundred-percent-height-scrolling\" style=\"background-color: rgba(255,255,255,0);background-position: center center;background-repeat: no-repeat;padding-top:0px;padding-right:0px;padding-bottom:0px;padding-left:0px;margin-bottom: 0px;margin-top: 0px;border-width: 0px 0px 0px 0px;border-color:#e2e2e2;border-style:solid;\" ><div class=\"fusion-builder-row fusion-row\"><div class=\"fusion-layout-column fusion_builder_column fusion-builder-column-0 fusion_builder_column_1_3 1_3 fusion-one-third fusion-column-first\" style=\"width:33.333333333333%;width:calc(33.333333333333% - ( ( 4% ) * 0.33333333333333 ) );margin-right: 4%;margin-top:0px;margin-bottom:20px;\"><div class=\"fusion-column-wrapper fusion-flex-column-wrapper-legacy\" style=\"background-position:left top;background-repeat:no-repeat;-webkit-background-size:cover;-moz-background-size:cover;-o-background-size:cover;background-size:cover;padding: 0px 0px 0px 0px;\"><span class=\" fusion-imageframe imageframe-none imageframe-1 hover-type-none\"><img decoding=\"async\" width=\"2560\" height=\"1440\" title=\"Home2\" src=\"https:\/\/northrand.org.za\/wp-content\/uploads\/2020\/05\/Home2-scaled.jpg\" alt class=\"img-responsive wp-image-23\" srcset=\"https:\/\/northrand.org.za\/wp-content\/uploads\/2020\/05\/Home2-200x113.jpg 200w, https:\/\/northrand.org.za\/wp-content\/uploads\/2020\/05\/Home2-400x225.jpg 400w, https:\/\/northrand.org.za\/wp-content\/uploads\/2020\/05\/Home2-600x338.jpg 600w, https:\/\/northrand.org.za\/wp-content\/uploads\/2020\/05\/Home2-800x450.jpg 800w, https:\/\/northrand.org.za\/wp-content\/uploads\/2020\/05\/Home2-1200x675.jpg 1200w, https:\/\/northrand.org.za\/wp-content\/uploads\/2020\/05\/Home2-scaled.jpg 2560w\" sizes=\"(max-width: 800px) 100vw, 400px\" \/><\/span><div class=\"fusion-sep-clear\"><\/div><div class=\"fusion-separator fusion-full-width-sep\" style=\"margin-left: auto;margin-right: auto;margin-top:5px;width:100%;\"><\/div><div class=\"fusion-sep-clear\"><\/div><span class=\" fusion-imageframe imageframe-none imageframe-2 hover-type-none\"><img decoding=\"async\" width=\"2560\" height=\"1440\" title=\"Home\" src=\"https:\/\/northrand.org.za\/wp-content\/uploads\/2020\/05\/Home-1-scaled.jpg\" alt class=\"img-responsive wp-image-24\" srcset=\"https:\/\/northrand.org.za\/wp-content\/uploads\/2020\/05\/Home-1-200x113.jpg 200w, https:\/\/northrand.org.za\/wp-content\/uploads\/2020\/05\/Home-1-400x225.jpg 400w, https:\/\/northrand.org.za\/wp-content\/uploads\/2020\/05\/Home-1-600x338.jpg 600w, https:\/\/northrand.org.za\/wp-content\/uploads\/2020\/05\/Home-1-800x450.jpg 800w, https:\/\/northrand.org.za\/wp-content\/uploads\/2020\/05\/Home-1-1200x675.jpg 1200w, https:\/\/northrand.org.za\/wp-content\/uploads\/2020\/05\/Home-1-scaled.jpg 2560w\" sizes=\"(max-width: 800px) 100vw, 400px\" \/><\/span><div class=\"fusion-clearfix\"><\/div><\/div><\/div><div class=\"fusion-layout-column fusion_builder_column fusion-builder-column-1 fusion_builder_column_2_3 2_3 fusion-two-third fusion-column-last\" style=\"width:66.666666666667%;width:calc(66.666666666667% - ( ( 4% ) * 0.66666666666667 ) );margin-top:0px;margin-bottom:20px;\"><div class=\"fusion-column-wrapper fusion-flex-column-wrapper-legacy\" style=\"background-position:left top;background-repeat:no-repeat;-webkit-background-size:cover;-moz-background-size:cover;-o-background-size:cover;background-size:cover;padding: 0px 0px 0px 0px;\"><style type=\"text\/css\"><\/style><div class=\"fusion-title title fusion-title-1 fusion-sep-none fusion-title-text fusion-title-size-four\" style=\"margin-top:10px;margin-right:0px;margin-bottom:15px;margin-left:0px;\"><h4 class=\"title-heading-left\" style=\"margin:0;\"><strong>\u00dcbersicht<\/strong><\/h4><\/div><div class=\"fusion-text fusion-text-1\"><p>LEITBILD<\/p>\n<p>Wir m\u00f6chten eine offene, lebendige, lutherische Gemeinde sein, die durch fr\u00f6hliche Verk\u00fcndigung des Evangeliums in Wort und Tat Gott zu Ehren leben will.<\/p>\n<p>Wir m\u00f6chten<\/p>\n<ul>\n<li>unseren Mitgliedern eine geistliche Heimat bieten, Wachstum im Glauben erm\u00f6glichen und die Gemeinschaft f\u00f6rdern;<\/li>\n<li>missionarisch nach innen und au\u03b2en wirken;<\/li>\n<li>nach unseren M\u00f6glichkeiten diakonisch t\u00e4tig sein;<\/li>\n<li>als Gemeinde Christi wachsen.<\/li>\n<\/ul>\n<\/div><div class=\"fusion-button-wrapper\"><style>.fusion-button.button-1{border-radius:4px 4px 4px 4px;}<\/style><a class=\"fusion-button button-flat fusion-button-default-size button-default button-1 fusion-button-default-span fusion-button-default-type\" target=\"_blank\" rel=\"noopener noreferrer\" href=\"https:\/\/mailchi.mp\/d3ed3a1ab36f\/north-rand-newsletter-9360754\"><span class=\"fusion-button-text\">North Rand Newsletter<\/span><\/a><\/div><div class=\"fusion-sep-clear\"><\/div><div class=\"fusion-separator fusion-full-width-sep\" style=\"margin-left: auto;margin-right: auto;width:100%;\"><\/div><div class=\"fusion-sep-clear\"><\/div><div class=\"fusion-sep-clear\"><\/div><div class=\"fusion-separator fusion-full-width-sep\" style=\"margin-left: auto;margin-right: auto;width:100%;\"><\/div><div class=\"fusion-sep-clear\"><\/div><div class=\"fusion-sep-clear\"><\/div><div class=\"fusion-separator fusion-full-width-sep\" style=\"margin-left: auto;margin-right: auto;width:100%;\"><\/div><div class=\"fusion-sep-clear\"><\/div><span class=\" fusion-imageframe imageframe-none imageframe-3 hover-type-none\"><img decoding=\"async\" width=\"724\" height=\"1024\" title=\"Church Service Flyer Nov Dec\" src=\"https:\/\/northrand.org.za\/wp-content\/uploads\/2025\/10\/Church-Service-Flyer-Nov-Dec-724x1024.jpg\" alt class=\"img-responsive wp-image-1194\" srcset=\"https:\/\/northrand.org.za\/wp-content\/uploads\/2025\/10\/Church-Service-Flyer-Nov-Dec-200x283.jpg 200w, https:\/\/northrand.org.za\/wp-content\/uploads\/2025\/10\/Church-Service-Flyer-Nov-Dec-400x566.jpg 400w, https:\/\/northrand.org.za\/wp-content\/uploads\/2025\/10\/Church-Service-Flyer-Nov-Dec-600x849.jpg 600w, https:\/\/northrand.org.za\/wp-content\/uploads\/2025\/10\/Church-Service-Flyer-Nov-Dec-800x1131.jpg 800w, https:\/\/northrand.org.za\/wp-content\/uploads\/2025\/10\/Church-Service-Flyer-Nov-Dec.jpg 905w\" sizes=\"(max-width: 800px) 100vw, 800px\" \/><\/span><div class=\"fusion-clearfix\"><\/div><\/div><\/div><\/div><\/div>\n","protected":false},"excerpt":{"rendered":"","protected":false},"author":1,"featured_media":0,"parent":0,"menu_order":0,"comment_status":"closed","ping_status":"closed","template":"","meta":{"footnotes":""},"_links":{"self":[{"href":"https:\/\/northrand.org.za\/de\/wp-json\/wp\/v2\/pages\/7"}],"collection":[{"href":"https:\/\/northrand.org.za\/de\/wp-json\/wp\/v2\/pages"}],"about":[{"href":"https:\/\/northrand.org.za\/de\/wp-json\/wp\/v2\/types\/page"}],"author":[{"embeddable":true,"href":"https:\/\/northrand.org.za\/de\/wp-json\/wp\/v2\/users\/1"}],"replies":[{"embeddable":true,"href":"https:\/\/northrand.org.za\/de\/wp-json\/wp\/v2\/comments?post=7"}],"version-history":[{"count":258,"href":"https:\/\/northrand.org.za\/de\/wp-json\/wp\/v2\/pages\/7\/revisions"}],"predecessor-version":[{"id":1209,"href":"https:\/\/northrand.org.za\/de\/wp-json\/wp\/v2\/pages\/7\/revisions\/1209"}],"wp:attachment":[{"href":"https:\/\/northrand.org.za\/de\/wp-json\/wp\/v2\/media?parent=7"}],"curies":[{"name":"wp","href":"https:\/\/api.w.org\/{rel}","templated":true}]}}